{"id":4162,"date":"2020-01-06T14:53:58","date_gmt":"2020-01-06T13:53:58","guid":{"rendered":"https:\/\/www.orderpro.at\/?page_id=4162"},"modified":"2020-05-26T20:20:33","modified_gmt":"2020-05-26T18:20:33","slug":"registrierung","status":"publish","type":"page","link":"https:\/\/www.orderpro.at\/?page_id=4162","title":{"rendered":"Registrierung"},"content":{"rendered":"\t\t<div data-elementor-type=\"wp-page\" data-elementor-id=\"4162\" class=\"elementor elementor-4162\">\n\t\t\t\t\t\t<section class=\"elementor-section elementor-top-section elementor-element elementor-element-3c13812 elementor-section-boxed elementor-section-height-default elementor-section-height-default\" data-id=\"3c13812\" data-element_type=\"section\" data-e-type=\"section\">\n\t\t\t\t\t\t<div class=\"elementor-container elementor-column-gap-default\">\n\t\t\t\t\t<div class=\"elementor-column elementor-col-100 elementor-top-column elementor-element elementor-element-0cdd4c3\" data-id=\"0cdd4c3\" data-element_type=\"column\" data-e-type=\"column\">\n\t\t\t<div class=\"elementor-widget-wrap\">\n\t\t\t\t\t\t\t<\/div>\n\t\t<\/div>\n\t\t\t\t\t<\/div>\n\t\t<\/section>\n\t\t\t\t<section class=\"elementor-section elementor-top-section elementor-element elementor-element-19c162b elementor-section-boxed elementor-section-height-default elementor-section-height-default\" data-id=\"19c162b\" data-element_type=\"section\" data-e-type=\"section\">\n\t\t\t\t\t\t<div class=\"elementor-container elementor-column-gap-default\">\n\t\t\t\t\t<div class=\"elementor-column elementor-col-100 elementor-top-column elementor-element elementor-element-7f74c89\" data-id=\"7f74c89\" data-element_type=\"column\" data-e-type=\"column\">\n\t\t\t<div class=\"elementor-widget-wrap elementor-element-populated\">\n\t\t\t\t\t\t<div class=\"elementor-element elementor-element-8787bfc elementor-widget elementor-widget-heading\" data-id=\"8787bfc\" data-element_type=\"widget\" data-e-type=\"widget\" data-widget_type=\"heading.default\">\n\t\t\t\t<div class=\"elementor-widget-container\">\n\t\t\t\t\t<h2 class=\"elementor-heading-title elementor-size-default\">Registrierung<\/h2>\t\t\t\t<\/div>\n\t\t\t\t<\/div>\n\t\t\t\t<div class=\"elementor-element elementor-element-ea5ff99 elementor-widget elementor-widget-text-editor\" data-id=\"ea5ff99\" data-element_type=\"widget\" data-e-type=\"widget\" data-widget_type=\"text-editor.default\">\n\t\t\t\t<div class=\"elementor-widget-container\">\n\t\t\t\t\t\t\t\t\t<p>Die Sopro Bestellhilfe steht nur unseren Kunden zur Verf\u00fcgung. F\u00fcr einen Zugang m\u00fcssen Sie sich registrieren. <br>Nach Pr\u00fcfung durch unseren Vertrieb wird Ihr Benutzerkonto in der Regel innerhalb von einem Werktag freigeschaltet. <br>Beachten Sie bitte unsere <a href=\"https:\/\/www.sopro.com\/at-de\/impressum-links\/datenschutz\/\" target=\"_blank\" rel=\"noopener\">Datenschutzrichtlinie<\/a>.&nbsp;<\/p>\n<p>Bei Fragen wenden Sie sich bitte an unseren Vertrieb unter der Email-Adresse <a href=\"mailto:vertrieb@sopro.at\">vertrieb@sopro.at<\/a>.<\/p>\t\t\t\t\t\t\t\t<\/div>\n\t\t\t\t<\/div>\n\t\t\t\t\t<\/div>\n\t\t<\/div>\n\t\t\t\t\t<\/div>\n\t\t<\/section>\n\t\t\t\t<section class=\"elementor-section elementor-top-section elementor-element elementor-element-d627669 elementor-section-boxed elementor-section-height-default elementor-section-height-default\" data-id=\"d627669\" data-element_type=\"section\" data-e-type=\"section\">\n\t\t\t\t\t\t<div class=\"elementor-container elementor-column-gap-default\">\n\t\t\t\t\t<div class=\"elementor-column elementor-col-100 elementor-top-column elementor-element elementor-element-77b18ab\" data-id=\"77b18ab\" data-element_type=\"column\" data-e-type=\"column\">\n\t\t\t<div class=\"elementor-widget-wrap elementor-element-populated\">\n\t\t\t\t\t\t<div class=\"elementor-element elementor-element-e5ac648 elementor-widget elementor-widget-text-editor\" data-id=\"e5ac648\" data-element_type=\"widget\" data-e-type=\"widget\" data-widget_type=\"text-editor.default\">\n\t\t\t\t<div class=\"elementor-widget-container\">\n\t\t\t\t\t\t\t\t\t<table class=\"wp-list-table widefat fixed striped posts\"><tbody id=\"the-list\"><tr id=\"post-4140\" class=\"iedit author-self level-0 post-4140 type-um_form status-publish hentry\"><td class=\"shortcode column-shortcode\" data-colname=\"Shortcode\"><p>\n<div class=\"um um-register um-4140\">\n\t<div class=\"um-form\" data-mode=\"register\">\n\t\t<form method=\"post\" action=\"\">\n\t\t\t<div class=\"um-row _um_row_1 \" style=\"margin: 0 0 30px 0;\"><div class=\"um-col-121\"><div  id=\"um_field_4140_first_name\" class=\"um-field um-field-text  um-field-first_name um-field-text um-field-type_text\" data-key=\"first_name\"><div class=\"um-field-label\"><label for=\"first_name-4140\">Ansprechperson \/ Vorname *<\/label><div class=\"um-clear\"><\/div><\/div><div class=\"um-field-area\"><input  autocomplete=\"off\" class=\"um-form-field valid \" type=\"text\" name=\"first_name-4140\" id=\"first_name-4140\" value=\"\" placeholder=\"\" data-validate=\"\" data-key=\"first_name\"  aria-invalid=\"false\" \/>\n\n\t\t\t\t\t\t<\/div><\/div><div  id=\"um_field_4140_last_name\" class=\"um-field um-field-text  um-field-last_name um-field-text um-field-type_text\" data-key=\"last_name\"><div class=\"um-field-label\"><label for=\"last_name-4140\">Ansprechperson \/ Nachname *<\/label><div class=\"um-clear\"><\/div><\/div><div class=\"um-field-area\"><input  autocomplete=\"off\" class=\"um-form-field valid \" type=\"text\" name=\"last_name-4140\" id=\"last_name-4140\" value=\"\" placeholder=\"\" data-validate=\"\" data-key=\"last_name\"  aria-invalid=\"false\" \/>\n\n\t\t\t\t\t\t<\/div><\/div><div  id=\"um_field_4140_user_login\" class=\"um-field um-field-text  um-field-user_login um-field-text um-field-type_text\" data-key=\"user_login\"><div class=\"um-field-label\"><div class=\"um-field-label-icon\"><i class=\"um-faicon-user\" aria-label=\"Benutzername *\"><\/i><\/div><label for=\"user_login-4140\">Benutzername *<\/label><div class=\"um-clear\"><\/div><\/div><div class=\"um-field-area\"><input  autocomplete=\"off\" class=\"um-form-field valid \" type=\"text\" name=\"user_login-4140\" id=\"user_login-4140\" value=\"\" placeholder=\"\" data-validate=\"unique_username\" data-key=\"user_login\"  aria-invalid=\"false\" \/>\n\n\t\t\t\t\t\t<\/div><\/div><div  id=\"um_field_4140_user_email_12\" class=\"um-field um-field-text  um-field-user_email_12 um-field-text um-field-type_text\" data-key=\"user_email_12\"><div class=\"um-field-label\"><label for=\"user_email_12-4140\">Telefonnummer *<\/label><div class=\"um-clear\"><\/div><\/div><div class=\"um-field-area\"><input  autocomplete=\"off\" class=\"um-form-field valid \" type=\"text\" name=\"user_email_12-4140\" id=\"user_email_12-4140\" value=\"\" placeholder=\"\" data-validate=\"phone_number\" data-key=\"user_email_12\"  aria-invalid=\"false\" \/>\n\n\t\t\t\t\t\t<\/div><\/div><div  id=\"um_field_4140_user_email\" class=\"um-field um-field-text  um-field-user_email um-field-text um-field-type_text\" data-key=\"user_email\"><div class=\"um-field-label\"><label for=\"user_email-4140\">E-mail Adresse *<\/label><div class=\"um-clear\"><\/div><\/div><div class=\"um-field-area\"><input  autocomplete=\"off\" class=\"um-form-field valid \" type=\"text\" name=\"user_email-4140\" id=\"user_email-4140\" value=\"\" placeholder=\"\" data-validate=\"unique_email\" data-key=\"user_email\"  aria-invalid=\"false\" \/>\n\n\t\t\t\t\t\t<\/div><\/div><div  id=\"um_field_4140_user_password\" class=\"um-field um-field-password  um-field-user_password um-field-password um-field-type_password\" data-key=\"user_password\"><div class=\"um-field-label\"><label for=\"user_password-4140\">Password *<\/label><div class=\"um-clear\"><\/div><\/div><div class=\"um-field-area\"><input class=\"um-form-field valid \" type=\"password\" name=\"user_password-4140\" id=\"user_password-4140\" value=\"\" placeholder=\"\" data-validate=\"\" data-key=\"user_password\"  aria-invalid=\"false\" \/>\n\n\t\t\t\t\t\t\t<\/div><\/div><div  id=\"um_field_4140_confirm_user_password\" class=\"um-field um-field-password  um-field-user_password um-field-password um-field-type_password\" data-key=\"confirm_user_password\"><div class=\"um-field-label\"><label for=\"confirm_user_password-4140\">Password * best\u00e4tigen<\/label><div class=\"um-clear\"><\/div><\/div><div class=\"um-field-area\"><input class=\"um-form-field valid \" type=\"password\" name=\"confirm_user_password-4140\" id=\"confirm_user_password-4140\" value=\"\" placeholder=\"Password * best\u00e4tigen\" data-validate=\"\" data-key=\"confirm_user_password\"  aria-invalid=\"false\" \/><\/div><\/div><div  id=\"um_field_4140_billing_company\" class=\"um-field um-field-text  um-field-billing_company um-field-text um-field-type_text\" data-key=\"billing_company\"><div class=\"um-field-label\"><div class=\"um-field-label-icon\"><i class=\"um-faicon-building-o\" aria-label=\"Firmenname *\"><\/i><\/div><label for=\"billing_company-4140\">Firmenname *<\/label><div class=\"um-clear\"><\/div><\/div><div class=\"um-field-area\"><input  autocomplete=\"off\" class=\"um-form-field valid \" type=\"text\" name=\"billing_company-4140\" id=\"billing_company-4140\" value=\"\" placeholder=\"\" data-validate=\"\" data-key=\"billing_company\"  aria-invalid=\"false\" \/>\n\n\t\t\t\t\t\t<\/div><\/div><div  id=\"um_field_4140_billing_address_1\" class=\"um-field um-field-text  um-field-billing_address_1 um-field-text um-field-type_text\" data-key=\"billing_address_1\"><div class=\"um-field-label\"><label for=\"billing_address_1-4140\">Stra\u00dfe *<\/label><div class=\"um-clear\"><\/div><\/div><div class=\"um-field-area\"><input  autocomplete=\"off\" class=\"um-form-field valid \" type=\"text\" name=\"billing_address_1-4140\" id=\"billing_address_1-4140\" value=\"\" placeholder=\"\" data-validate=\"\" data-key=\"billing_address_1\"  aria-invalid=\"false\" \/>\n\n\t\t\t\t\t\t<\/div><\/div><div  id=\"um_field_4140_billing_postcode\" class=\"um-field um-field-text  um-field-billing_postcode um-field-text um-field-type_text\" data-key=\"billing_postcode\"><div class=\"um-field-label\"><label for=\"billing_postcode-4140\">Postleitzahl *<\/label><div class=\"um-clear\"><\/div><\/div><div class=\"um-field-area\"><input  autocomplete=\"off\" class=\"um-form-field valid \" type=\"text\" name=\"billing_postcode-4140\" id=\"billing_postcode-4140\" value=\"\" placeholder=\"\" data-validate=\"\" data-key=\"billing_postcode\"  aria-invalid=\"false\" \/>\n\n\t\t\t\t\t\t<\/div><\/div><div  id=\"um_field_4140_billing_city\" class=\"um-field um-field-text  um-field-billing_city um-field-text um-field-type_text\" data-key=\"billing_city\"><div class=\"um-field-label\"><label for=\"billing_city-4140\">Ort *<\/label><div class=\"um-clear\"><\/div><\/div><div class=\"um-field-area\"><input  autocomplete=\"off\" class=\"um-form-field valid \" type=\"text\" name=\"billing_city-4140\" id=\"billing_city-4140\" value=\"\" placeholder=\"\" data-validate=\"\" data-key=\"billing_city\"  aria-invalid=\"false\" \/>\n\n\t\t\t\t\t\t<\/div><\/div><div  id=\"um_field_4140_billing_country\" class=\"um-field um-field-text  um-field-billing_country um-field-text um-field-type_text\" data-key=\"billing_country\"><div class=\"um-field-label\"><label for=\"billing_country-4140\">Land<\/label><div class=\"um-clear\"><\/div><\/div><div class=\"um-field-area\"><input  autocomplete=\"off\" class=\"um-form-field valid not-required \" type=\"text\" name=\"billing_country-4140\" id=\"billing_country-4140\" value=\"\" placeholder=\"\" data-validate=\"\" data-key=\"billing_country\"  aria-invalid=\"false\" \/>\n\n\t\t\t\t\t\t<\/div><\/div><\/div><div class=\"um-col-122\"><\/div><div class=\"um-clear\"><\/div><\/div>\t<input type=\"hidden\" name=\"form_id\" id=\"form_id_4140\" value=\"4140\" \/>\n\t\t<p class=\"um_request_name\">\n\t\t<label for=\"um_request_4140\">Only fill in if you are not human<\/label>\n\t\t<input type=\"hidden\" name=\"um_request\" id=\"um_request_4140\" class=\"input\" value=\"\" size=\"25\" autocomplete=\"off\" \/>\n\t<\/p>\n\t<input type=\"hidden\" id=\"_wpnonce\" name=\"_wpnonce\" value=\"2059f9b328\" \/><input type=\"hidden\" name=\"_wp_http_referer\" value=\"\/index.php?rest_route=%2Fwp%2Fv2%2Fpages%2F4162\" \/>\n\t<div class=\"um-col-alt\">\n\n\t\t\n\t\t\t<div class=\"um-left um-half\">\n\t\t\t\t<input type=\"submit\" value=\"Registrieren\" class=\"um-button\" id=\"um-submit-btn\" \/>\n\t\t\t<\/div>\n\t\t\t<div class=\"um-right um-half\">\n\t\t\t\t<a href=\"https:\/\/www.orderpro.at\/?page_id=4174\" class=\"um-button um-alt\">\n\t\t\t\t\tAnmelden\t\t\t\t<\/a>\n\t\t\t<\/div>\n\n\t\t\n\t\t<div class=\"um-clear\"><\/div>\n\n\t<\/div>\n\n\t\t\t<\/form>\n\t<\/div>\n<\/div>\n<style>\n\t\t\t.um-4140.um {\n\t\t\tmax-width: 450px;\n\t\t}\n\t\t\t\t.um-4140.um {\n\t\t\tmargin-left: 0px !important;\n\t\t}\n\t<\/style>\n<\/p><\/td><\/tr><\/tbody><\/table>\t\t\t\t\t\t\t\t<\/div>\n\t\t\t\t<\/div>\n\t\t\t\t\t<\/div>\n\t\t<\/div>\n\t\t\t\t\t<\/div>\n\t\t<\/section>\n\t\t\t\t<\/div>\n\t\t","protected":false},"excerpt":{"rendered":"<p>Registrierung Die Sopro Bestellhilfe steht nur unseren Kunden zur Verf\u00fcgung. F\u00fcr einen Zugang m\u00fcssen Sie sich registrieren. Nach Pr\u00fcfung durch unseren Vertrieb wird Ihr Benutzerkonto in der Regel innerhalb von einem Werktag freigeschaltet. Beachten Sie bitte unsere Datenschutzrichtlinie.&nbsp; Bei Fragen wenden Sie sich bitte an unseren Vertrieb unter der Email-Adresse vertrieb@sopro.at.<\/p>\n","protected":false},"author":1,"featured_media":0,"parent":0,"menu_order":0,"comment_status":"closed","ping_status":"closed","template":"page-templates\/template-pagebuilder-full-width.php","meta":{"_acf_changed":false,"neve_meta_sidebar":"full-width","neve_meta_container":"","neve_meta_enable_content_width":"on","neve_meta_content_width":100,"neve_meta_title_alignment":"","neve_meta_author_avatar":"","neve_post_elements_order":"","neve_meta_disable_header":"","neve_meta_disable_footer":"","neve_meta_disable_title":"","footnotes":""},"class_list":["post-4162","page","type-page","status-publish","hentry"],"acf":[],"_links":{"self":[{"href":"https:\/\/www.orderpro.at\/index.php?rest_route=\/wp\/v2\/pages\/4162","targetHints":{"allow":["GET"]}}],"collection":[{"href":"https:\/\/www.orderpro.at\/index.php?rest_route=\/wp\/v2\/pages"}],"about":[{"href":"https:\/\/www.orderpro.at\/index.php?rest_route=\/wp\/v2\/types\/page"}],"author":[{"embeddable":true,"href":"https:\/\/www.orderpro.at\/index.php?rest_route=\/wp\/v2\/users\/1"}],"replies":[{"embeddable":true,"href":"https:\/\/www.orderpro.at\/index.php?rest_route=%2Fwp%2Fv2%2Fcomments&post=4162"}],"version-history":[{"count":11,"href":"https:\/\/www.orderpro.at\/index.php?rest_route=\/wp\/v2\/pages\/4162\/revisions"}],"predecessor-version":[{"id":6685,"href":"https:\/\/www.orderpro.at\/index.php?rest_route=\/wp\/v2\/pages\/4162\/revisions\/6685"}],"wp:attachment":[{"href":"https:\/\/www.orderpro.at\/index.php?rest_route=%2Fwp%2Fv2%2Fmedia&parent=4162"}],"curies":[{"name":"wp","href":"https:\/\/api.w.org\/{rel}","templated":true}]}}